{"id":784,"date":"2019-12-29T11:50:17","date_gmt":"2019-12-29T10:50:17","guid":{"rendered":"https:\/\/www.optimumcit.com\/?page_id=784"},"modified":"2020-03-12T15:31:56","modified_gmt":"2020-03-12T14:31:56","slug":"accompagnement","status":"publish","type":"page","link":"https:\/\/www.optimumcit.com\/fr\/accompagnement\/","title":{"rendered":"Accompagnement"},"content":{"rendered":"","protected":false},"excerpt":{"rendered":"","protected":false},"author":3,"featured_media":2333,"parent":0,"menu_order":12,"comment_status":"closed","ping_status":"closed","template":"template-intermediaire.php","meta":{"footnotes":""},"acf":[],"yoast_head":"<!-- This site is optimized with the Yoast SEO plugin v22.3 - https:\/\/yoast.com\/wordpress\/plugins\/seo\/ -->\n<title>Accompagnement - Optimum<\/title>\n<meta name=\"description\" content=\"En optant pour une Solution Optimum, vous serez accompagn\u00e9, conseill\u00e9, et form\u00e9 tout au long du processus, de l&#039;avant-vente jusqu&#039;\u00e0 l&#039;installation de votre Logiciel en magasin.\" \/>\n<meta name=\"robots\" content=\"index, follow, max-snippet:-1, max-image-preview:large, max-video-preview:-1\" \/>\n<link rel=\"canonical\" href=\"https:\/\/www.optimumcit.com\/fr\/accompagnement\/\" \/>\n<meta property=\"og:locale\" content=\"fr_FR\" \/>\n<meta property=\"og:type\" content=\"article\" \/>\n<meta property=\"og:title\" content=\"Accompagnement - Optimum\" \/>\n<meta property=\"og:description\" content=\"En optant pour une Solution Optimum, vous serez accompagn\u00e9, conseill\u00e9, et form\u00e9 tout au long du processus, de l&#039;avant-vente jusqu&#039;\u00e0 l&#039;installation de votre Logiciel en magasin.\" \/>\n<meta property=\"og:url\" content=\"https:\/\/www.optimumcit.com\/fr\/accompagnement\/\" \/>\n<meta property=\"og:site_name\" content=\"Optimum\" \/>\n<meta property=\"article:publisher\" content=\"https:\/\/www.facebook.com\/optimumcit\/\" \/>\n<meta property=\"article:modified_time\" content=\"2020-03-12T14:31:56+00:00\" \/>\n<meta property=\"og:image\" content=\"https:\/\/www.optimumcit.com\/wp-content\/uploads\/2020\/03\/achievement-agreement-arms-business-business-agreement-business-deal-1447915-pxhere.com_-scaled.jpg\" \/>\n\t<meta property=\"og:image:width\" content=\"2560\" \/>\n\t<meta property=\"og:image:height\" content=\"1707\" \/>\n\t<meta property=\"og:image:type\" content=\"image\/jpeg\" \/>\n<meta name=\"twitter:card\" content=\"summary_large_image\" \/>\n<script type=\"application\/ld+json\" class=\"yoast-schema-graph\">{\"@context\":\"https:\/\/schema.org\",\"@graph\":[{\"@type\":\"WebPage\",\"@id\":\"https:\/\/www.optimumcit.com\/fr\/accompagnement\/\",\"url\":\"https:\/\/www.optimumcit.com\/fr\/accompagnement\/\",\"name\":\"Accompagnement - Optimum\",\"isPartOf\":{\"@id\":\"https:\/\/www.optimumcit.com\/fr\/#website\"},\"primaryImageOfPage\":{\"@id\":\"https:\/\/www.optimumcit.com\/fr\/accompagnement\/#primaryimage\"},\"image\":{\"@id\":\"https:\/\/www.optimumcit.com\/fr\/accompagnement\/#primaryimage\"},\"thumbnailUrl\":\"https:\/\/www.optimumcit.com\/wp-content\/uploads\/2020\/03\/achievement-agreement-arms-business-business-agreement-business-deal-1447915-pxhere.com_-scaled.jpg\",\"datePublished\":\"2019-12-29T10:50:17+00:00\",\"dateModified\":\"2020-03-12T14:31:56+00:00\",\"description\":\"En optant pour une Solution Optimum, vous serez accompagn\u00e9, conseill\u00e9, et form\u00e9 tout au long du processus, de l'avant-vente jusqu'\u00e0 l'installation de votre Logiciel en magasin.\",\"breadcrumb\":{\"@id\":\"https:\/\/www.optimumcit.com\/fr\/accompagnement\/#breadcrumb\"},\"inLanguage\":\"fr-FR\",\"potentialAction\":[{\"@type\":\"ReadAction\",\"target\":[\"https:\/\/www.optimumcit.com\/fr\/accompagnement\/\"]}]},{\"@type\":\"ImageObject\",\"inLanguage\":\"fr-FR\",\"@id\":\"https:\/\/www.optimumcit.com\/fr\/accompagnement\/#primaryimage\",\"url\":\"https:\/\/www.optimumcit.com\/wp-content\/uploads\/2020\/03\/achievement-agreement-arms-business-business-agreement-business-deal-1447915-pxhere.com_-scaled.jpg\",\"contentUrl\":\"https:\/\/www.optimumcit.com\/wp-content\/uploads\/2020\/03\/achievement-agreement-arms-business-business-agreement-business-deal-1447915-pxhere.com_-scaled.jpg\",\"width\":2560,\"height\":1707,\"caption\":\"Business people shaking hands in agreement\"},{\"@type\":\"BreadcrumbList\",\"@id\":\"https:\/\/www.optimumcit.com\/fr\/accompagnement\/#breadcrumb\",\"itemListElement\":[{\"@type\":\"ListItem\",\"position\":1,\"name\":\"Accueil\",\"item\":\"https:\/\/www.optimumcit.com\/fr\/\"},{\"@type\":\"ListItem\",\"position\":2,\"name\":\"Accompagnement\"}]},{\"@type\":\"WebSite\",\"@id\":\"https:\/\/www.optimumcit.com\/fr\/#website\",\"url\":\"https:\/\/www.optimumcit.com\/fr\/\",\"name\":\"Optimum\",\"description\":\"\",\"publisher\":{\"@id\":\"https:\/\/www.optimumcit.com\/fr\/#organization\"},\"potentialAction\":[{\"@type\":\"SearchAction\",\"target\":{\"@type\":\"EntryPoint\",\"urlTemplate\":\"https:\/\/www.optimumcit.com\/fr\/?s={search_term_string}\"},\"query-input\":\"required name=search_term_string\"}],\"inLanguage\":\"fr-FR\"},{\"@type\":\"Organization\",\"@id\":\"https:\/\/www.optimumcit.com\/fr\/#organization\",\"name\":\"Optimum Cit\",\"url\":\"https:\/\/www.optimumcit.com\/fr\/\",\"logo\":{\"@type\":\"ImageObject\",\"inLanguage\":\"fr-FR\",\"@id\":\"https:\/\/www.optimumcit.com\/fr\/#\/schema\/logo\/image\/\",\"url\":\"https:\/\/www.optimumcit.com\/wp-content\/uploads\/2020\/03\/logo-optimum.png\",\"contentUrl\":\"https:\/\/www.optimumcit.com\/wp-content\/uploads\/2020\/03\/logo-optimum.png\",\"width\":1772,\"height\":1772,\"caption\":\"Optimum Cit\"},\"image\":{\"@id\":\"https:\/\/www.optimumcit.com\/fr\/#\/schema\/logo\/image\/\"},\"sameAs\":[\"https:\/\/www.facebook.com\/optimumcit\/\",\"https:\/\/www.linkedin.com\/company\/optimum-cit\"]}]}<\/script>\n<!-- \/ Yoast SEO plugin. -->","yoast_head_json":{"title":"Accompagnement - Optimum","description":"En optant pour une Solution Optimum, vous serez accompagn\u00e9, conseill\u00e9, et form\u00e9 tout au long du processus, de l'avant-vente jusqu'\u00e0 l'installation de votre Logiciel en magasin.","robots":{"index":"index","follow":"follow","max-snippet":"max-snippet:-1","max-image-preview":"max-image-preview:large","max-video-preview":"max-video-preview:-1"},"canonical":"https:\/\/www.optimumcit.com\/fr\/accompagnement\/","og_locale":"fr_FR","og_type":"article","og_title":"Accompagnement - Optimum","og_description":"En optant pour une Solution Optimum, vous serez accompagn\u00e9, conseill\u00e9, et form\u00e9 tout au long du processus, de l'avant-vente jusqu'\u00e0 l'installation de votre Logiciel en magasin.","og_url":"https:\/\/www.optimumcit.com\/fr\/accompagnement\/","og_site_name":"Optimum","article_publisher":"https:\/\/www.facebook.com\/optimumcit\/","article_modified_time":"2020-03-12T14:31:56+00:00","og_image":[{"width":2560,"height":1707,"url":"https:\/\/www.optimumcit.com\/wp-content\/uploads\/2020\/03\/achievement-agreement-arms-business-business-agreement-business-deal-1447915-pxhere.com_-scaled.jpg","type":"image\/jpeg"}],"twitter_card":"summary_large_image","schema":{"@context":"https:\/\/schema.org","@graph":[{"@type":"WebPage","@id":"https:\/\/www.optimumcit.com\/fr\/accompagnement\/","url":"https:\/\/www.optimumcit.com\/fr\/accompagnement\/","name":"Accompagnement - Optimum","isPartOf":{"@id":"https:\/\/www.optimumcit.com\/fr\/#website"},"primaryImageOfPage":{"@id":"https:\/\/www.optimumcit.com\/fr\/accompagnement\/#primaryimage"},"image":{"@id":"https:\/\/www.optimumcit.com\/fr\/accompagnement\/#primaryimage"},"thumbnailUrl":"https:\/\/www.optimumcit.com\/wp-content\/uploads\/2020\/03\/achievement-agreement-arms-business-business-agreement-business-deal-1447915-pxhere.com_-scaled.jpg","datePublished":"2019-12-29T10:50:17+00:00","dateModified":"2020-03-12T14:31:56+00:00","description":"En optant pour une Solution Optimum, vous serez accompagn\u00e9, conseill\u00e9, et form\u00e9 tout au long du processus, de l'avant-vente jusqu'\u00e0 l'installation de votre Logiciel en magasin.","breadcrumb":{"@id":"https:\/\/www.optimumcit.com\/fr\/accompagnement\/#breadcrumb"},"inLanguage":"fr-FR","potentialAction":[{"@type":"ReadAction","target":["https:\/\/www.optimumcit.com\/fr\/accompagnement\/"]}]},{"@type":"ImageObject","inLanguage":"fr-FR","@id":"https:\/\/www.optimumcit.com\/fr\/accompagnement\/#primaryimage","url":"https:\/\/www.optimumcit.com\/wp-content\/uploads\/2020\/03\/achievement-agreement-arms-business-business-agreement-business-deal-1447915-pxhere.com_-scaled.jpg","contentUrl":"https:\/\/www.optimumcit.com\/wp-content\/uploads\/2020\/03\/achievement-agreement-arms-business-business-agreement-business-deal-1447915-pxhere.com_-scaled.jpg","width":2560,"height":1707,"caption":"Business people shaking hands in agreement"},{"@type":"BreadcrumbList","@id":"https:\/\/www.optimumcit.com\/fr\/accompagnement\/#breadcrumb","itemListElement":[{"@type":"ListItem","position":1,"name":"Accueil","item":"https:\/\/www.optimumcit.com\/fr\/"},{"@type":"ListItem","position":2,"name":"Accompagnement"}]},{"@type":"WebSite","@id":"https:\/\/www.optimumcit.com\/fr\/#website","url":"https:\/\/www.optimumcit.com\/fr\/","name":"Optimum","description":"","publisher":{"@id":"https:\/\/www.optimumcit.com\/fr\/#organization"},"potentialAction":[{"@type":"SearchAction","target":{"@type":"EntryPoint","urlTemplate":"https:\/\/www.optimumcit.com\/fr\/?s={search_term_string}"},"query-input":"required name=search_term_string"}],"inLanguage":"fr-FR"},{"@type":"Organization","@id":"https:\/\/www.optimumcit.com\/fr\/#organization","name":"Optimum Cit","url":"https:\/\/www.optimumcit.com\/fr\/","logo":{"@type":"ImageObject","inLanguage":"fr-FR","@id":"https:\/\/www.optimumcit.com\/fr\/#\/schema\/logo\/image\/","url":"https:\/\/www.optimumcit.com\/wp-content\/uploads\/2020\/03\/logo-optimum.png","contentUrl":"https:\/\/www.optimumcit.com\/wp-content\/uploads\/2020\/03\/logo-optimum.png","width":1772,"height":1772,"caption":"Optimum Cit"},"image":{"@id":"https:\/\/www.optimumcit.com\/fr\/#\/schema\/logo\/image\/"},"sameAs":["https:\/\/www.facebook.com\/optimumcit\/","https:\/\/www.linkedin.com\/company\/optimum-cit"]}]}},"_links":{"self":[{"href":"https:\/\/www.optimumcit.com\/fr\/wp-json\/wp\/v2\/pages\/784"}],"collection":[{"href":"https:\/\/www.optimumcit.com\/fr\/wp-json\/wp\/v2\/pages"}],"about":[{"href":"https:\/\/www.optimumcit.com\/fr\/wp-json\/wp\/v2\/types\/page"}],"author":[{"embeddable":true,"href":"https:\/\/www.optimumcit.com\/fr\/wp-json\/wp\/v2\/users\/3"}],"replies":[{"embeddable":true,"href":"https:\/\/www.optimumcit.com\/fr\/wp-json\/wp\/v2\/comments?post=784"}],"version-history":[{"count":5,"href":"https:\/\/www.optimumcit.com\/fr\/wp-json\/wp\/v2\/pages\/784\/revisions"}],"predecessor-version":[{"id":2335,"href":"https:\/\/www.optimumcit.com\/fr\/wp-json\/wp\/v2\/pages\/784\/revisions\/2335"}],"wp:featuredmedia":[{"embeddable":true,"href":"https:\/\/www.optimumcit.com\/fr\/wp-json\/wp\/v2\/media\/2333"}],"wp:attachment":[{"href":"https:\/\/www.optimumcit.com\/fr\/wp-json\/wp\/v2\/media?parent=784"}],"curies":[{"name":"wp","href":"https:\/\/api.w.org\/{rel}","templated":true}]}}